{"id":3573,"date":"2022-03-23T08:22:30","date_gmt":"2022-03-23T08:22:30","guid":{"rendered":"http:\/\/192.168.0.250\/konstruk\/?page_id=3573"},"modified":"2025-01-06T17:38:02","modified_gmt":"2025-01-06T17:38:02","slug":"nova-art","status":"publish","type":"page","link":"https:\/\/novaartequipamentos.com.br\/es\/nova-art\/","title":{"rendered":"Arte Nova"},"content":{"rendered":"<div data-elementor-type=\"wp-page\" data-elementor-id=\"3573\" class=\"elementor elementor-3573\">\n\t\t\t\t\t\t<section class=\"elementor-section elementor-top-section elementor-element elementor-element-99faa50 elementor-section-stretched elementor-section-height-full elementor-section-boxed elementor-section-height-default elementor-section-items-middle wpr-particle-no wpr-jarallax-no wpr-parallax-no wpr-sticky-section-no\" data-id=\"99faa50\" data-element_type=\"section\" data-e-type=\"section\" data-settings=\"{&quot;stretch_section&quot;:&quot;section-stretched&quot;,&quot;background_background&quot;:&quot;classic&quot;}\">\n\t\t\t\t\t\t<div class=\"elementor-container elementor-column-gap-default\">\n\t\t\t\t\t<div class=\"elementor-column elementor-col-50 elementor-top-column elementor-element elementor-element-07dd76a\" data-id=\"07dd76a\" data-element_type=\"column\" data-e-type=\"column\">\n\t\t\t<div class=\"elementor-widget-wrap elementor-element-populated\">\n\t\t\t\t\t\t<div class=\"elementor-element elementor-element-fdeef0c elementor-widget elementor-widget-image\" data-id=\"fdeef0c\" data-element_type=\"widget\" data-e-type=\"widget\" data-widget_type=\"image.default\">\n\t\t\t\t<div class=\"elementor-widget-container\">\n\t\t\t\t\t\t\t\t\t\t\t\t\t\t\t<img decoding=\"async\" src=\"https:\/\/novaartequipamentos.com.br\/wp-content\/uploads\/elementor\/thumbs\/ed26c1c8-7fc9-4dcb-ac3d-948ebde0f3cc-qyppz47jts4z15mj9umcrnhidjscko8ker00m4kyyk.jpg\" title=\"ed26c1c8-7fc9-4dcb-ac3d-948ebde0f3cc\" alt=\"ed26c1c8-7fc9-4dcb-ac3d-948ebde0f3cc\" loading=\"lazy\" \/>\t\t\t\t\t\t\t\t\t\t\t\t\t\t\t<\/div>\n\t\t\t\t<\/div>\n\t\t\t\t\t<\/div>\n\t\t<\/div>\n\t\t\t\t<div class=\"elementor-column elementor-col-50 elementor-top-column elementor-element elementor-element-94d07ed\" data-id=\"94d07ed\" data-element_type=\"column\" data-e-type=\"column\">\n\t\t\t<div class=\"elementor-widget-wrap elementor-element-populated\">\n\t\t\t\t\t\t<div class=\"elementor-element elementor-element-2580b49 elementor-widget elementor-widget-rs-heading\" data-id=\"2580b49\" data-element_type=\"widget\" data-e-type=\"widget\" data-widget_type=\"rs-heading.default\">\n\t\t\t\t<div class=\"elementor-widget-container\">\n\t\t\t\t\t\n        <div class=\"prelements-heading style9 animate-\">\n\n\n\n        \t<div class=\"title-inner\">        \t\t      \t\t\n\t             <img decoding=\"async\" src=\"https:\/\/novaartequipamentos.com.br\/wp-content\/uploads\/2024\/05\/header-decoration-15x15-1.png\" alt=\"icon\"><span class=\"sub-text\">Qui\u00e9nes somos<\/span><h3 class=\"title\"><span class=\"watermark\"><\/span>La garant\u00eda t\u00e9cnica y un servicio excelente son nuestras prioridades.\n<\/h3>\t\t\t\t\n\t\t\t\t\t        <\/div>\n\t                    \t<div class=\"description\">\n            \t\t            \t\t<p><span style=\"font-weight: 400\">Desde nuestra fundaci\u00f3n en 2007, nos hemos dedicado a la excelencia en la fabricaci\u00f3n y el alquiler de equipos de construcci\u00f3n, priorizando siempre la seguridad, la innovaci\u00f3n y la calidad en todos nuestros productos y servicios.<\/span><\/p><p><span style=\"font-weight: 400\">En nuestro centro log\u00edstico\/operativo en la ciudad de Rio de Janeiro, fabricamos y realizamos el mantenimiento preventivo de todos nuestros sistemas de apuntalamiento, andamiaje y protecci\u00f3n colectiva, siempre siguiendo rigurosamente las normas NR-18, NBR-6494 y NBR-15696, as\u00ed como nuestros procedimientos y normas internas, garantizando el control de calidad y seguridad de cada componente de nuestros sistemas.<\/span><\/p>  \n            \t<\/div>\n        \t        <\/div>\n        \t\t\t\t<\/div>\n\t\t\t\t<\/div>\n\t\t\t\t\t<\/div>\n\t\t<\/div>\n\t\t\t\t\t<\/div>\n\t\t<\/section>\n\t\t<div class=\"elementor-element elementor-element-ec6f452 e-grid e-con-boxed wpr-particle-no wpr-jarallax-no wpr-parallax-no wpr-sticky-section-no e-con e-parent\" data-id=\"ec6f452\" data-element_type=\"container\" data-e-type=\"container\">\n\t\t\t\t\t<div class=\"e-con-inner\">\n\t\t<div class=\"elementor-element elementor-element-e41385a e-con-full e-flex wpr-particle-no wpr-jarallax-no wpr-parallax-no wpr-sticky-section-no e-con e-child\" data-id=\"e41385a\" data-element_type=\"container\" data-e-type=\"container\">\n\t\t<div class=\"elementor-element elementor-element-c3199f7 e-con-full e-flex wpr-particle-no wpr-jarallax-no wpr-parallax-no wpr-sticky-section-no e-con e-child\" data-id=\"c3199f7\" data-element_type=\"container\" data-e-type=\"container\">\n\t\t\t\t<div class=\"elementor-element elementor-element-9ef9312 elementor-widget elementor-widget-text-editor\" data-id=\"9ef9312\" data-element_type=\"widget\" data-e-type=\"widget\" data-widget_type=\"text-editor.default\">\n\t\t\t\t<div class=\"elementor-widget-container\">\n\t\t\t\t\t\t\t\t\t<p><span style=\"color: var( --e-global-color-text ); font-family: var( --e-global-typography-text-font-family ), Sans-serif; text-align: var(--text-align);\">Ya sea en nuestra sede en R\u00edo de Janeiro o en la sucursal de S\u00e3o Paulo, nuestro equipo t\u00e9cnico, operativo y comercial est\u00e1 siempre dispuesto a ayudar a su empresa, desde el dimensionamiento correcto de los equipos, pasando por el desarrollo y la formaci\u00f3n de sus empleados para la correcta gesti\u00f3n y utilizaci\u00f3n de los equipos en la obra, hasta la devoluci\u00f3n efectiva a nuestros dep\u00f3sitos.<\/span><\/p><p><span style=\"color: var( --e-global-color-text ); font-family: var( --e-global-typography-text-font-family ), Sans-serif; text-align: var(--text-align);\">Todo esto s\u00f3lo es posible porque nuestra prioridad es comprender sus necesidades reales, que incluyen su calendario f\u00edsico y financiero, el estado de su terreno, las zonas de almacenamiento disponibles, las exigencias t\u00e9cnicas espec\u00edficas y otras diversas cuestiones que hacen que su proyecto sea \u00fanico.<\/span><\/p>\t\t\t\t\t\t\t\t<\/div>\n\t\t\t\t<\/div>\n\t\t\t\t<\/div>\n\t\t<div class=\"elementor-element elementor-element-eb44e6c e-con-full e-flex wpr-particle-no wpr-jarallax-no wpr-parallax-no wpr-sticky-section-no e-con e-child\" data-id=\"eb44e6c\" data-element_type=\"container\" data-e-type=\"container\">\n\t\t\t\t<div class=\"elementor-element elementor-element-8a87d8b elementor-widget__width-initial elementor-widget elementor-widget-image\" data-id=\"8a87d8b\" data-element_type=\"widget\" data-e-type=\"widget\" data-widget_type=\"image.default\">\n\t\t\t\t<div class=\"elementor-widget-container\">\n\t\t\t\t\t\t\t\t\t\t\t\t\t\t\t<img decoding=\"async\" src=\"https:\/\/novaartequipamentos.com.br\/wp-content\/uploads\/elementor\/thumbs\/group-engineers-architects-are-discussing-construction-scaled-qyppz47jts599gaofvyl17eikh0g7m85phqxmlughc.jpg\" title=\"Los ingenieros y arquitectos del grupo est\u00e1n discutiendo la construcci\u00f3n.\" alt=\"Group engineers and architects are discussing the construction. Helmet blueprint for use in construction and industrial engineering. Image of engineer meeting for architectural project, Construction concept.\" loading=\"lazy\" \/>\t\t\t\t\t\t\t\t\t\t\t\t\t\t\t<\/div>\n\t\t\t\t<\/div>\n\t\t\t\t<\/div>\n\t\t\t\t<\/div>\n\t\t\t\t\t<\/div>\n\t\t\t\t<\/div>\n\t\t<div class=\"elementor-element elementor-element-8f88fa1 e-flex e-con-boxed wpr-particle-no wpr-jarallax-no wpr-parallax-no wpr-sticky-section-no e-con e-parent\" data-id=\"8f88fa1\" data-element_type=\"container\" data-e-type=\"container\">\n\t\t\t\t\t<div class=\"e-con-inner\">\n\t\t<div class=\"elementor-element elementor-element-9f7069b e-con-full e-flex wpr-particle-no wpr-jarallax-no wpr-parallax-no wpr-sticky-section-no e-con e-child\" data-id=\"9f7069b\" data-element_type=\"container\" data-e-type=\"container\">\n\t\t<div class=\"elementor-element elementor-element-8d44b48 e-con-full e-flex wpr-particle-no wpr-jarallax-no wpr-parallax-no wpr-sticky-section-no e-con e-child\" data-id=\"8d44b48\" data-element_type=\"container\" data-e-type=\"container\">\n\t\t\t\t<div class=\"elementor-element elementor-element-0da6f72 elementor-view-default elementor-position-block-start elementor-mobile-position-block-start elementor-widget elementor-widget-icon-box\" data-id=\"0da6f72\" data-element_type=\"widget\" data-e-type=\"widget\" data-widget_type=\"icon-box.default\">\n\t\t\t\t<div class=\"elementor-widget-container\">\n\t\t\t\t\t\t\t<div class=\"elementor-icon-box-wrapper\">\n\n\t\t\t\t\t\t<div class=\"elementor-icon-box-icon\">\n\t\t\t\t<span  class=\"elementor-icon\">\n\t\t\t\t<svg aria-hidden=\"true\" class=\"e-font-icon-svg e-fas-bullseye\" viewbox=\"0 0 496 512\" xmlns=\"http:\/\/www.w3.org\/2000\/svg\"><path d=\"M248 8C111.03 8 0 119.03 0 256s111.03 248 248 248 248-111.03 248-248S384.97 8 248 8zm0 432c-101.69 0-184-82.29-184-184 0-101.69 82.29-184 184-184 101.69 0 184 82.29 184 184 0 101.69-82.29 184-184 184zm0-312c-70.69 0-128 57.31-128 128s57.31 128 128 128 128-57.31 128-128-57.31-128-128-128zm0 192c-35.29 0-64-28.71-64-64s28.71-64 64-64 64 28.71 64 64-28.71 64-64 64z\"><\/path><\/svg>\t\t\t\t<\/span>\n\t\t\t<\/div>\n\t\t\t\n\t\t\t\t\t\t<div class=\"elementor-icon-box-content\">\n\n\t\t\t\t\t\t\t\t\t<h3 class=\"elementor-icon-box-title\">\n\t\t\t\t\t\t<span  >\n\t\t\t\t\t\t\tNuestra misi\u00f3n\t\t\t\t\t\t<\/span>\n\t\t\t\t\t<\/h3>\n\t\t\t\t\n\t\t\t\t\t\t\t\t\t<p class=\"elementor-icon-box-description\">\n\t\t\t\t\t\tProporcionar soluciones innovadoras y de alta calidad en equipos de construcci\u00f3n, promoviendo la eficiencia y la seguridad en los proyectos de nuestros clientes. Estamos comprometidos con un servicio excepcional, asegurando que cada interacci\u00f3n y suministro de equipos genere resultados positivos para nuestros clientes, creando una relaci\u00f3n de confianza y asociaci\u00f3n.\t\t\t\t\t<\/p>\n\t\t\t\t\n\t\t\t<\/div>\n\t\t\t\n\t\t<\/div>\n\t\t\t\t\t\t<\/div>\n\t\t\t\t<\/div>\n\t\t\t\t<\/div>\n\t\t<div class=\"elementor-element elementor-element-06eca18 e-con-full e-flex wpr-particle-no wpr-jarallax-no wpr-parallax-no wpr-sticky-section-no e-con e-child\" data-id=\"06eca18\" data-element_type=\"container\" data-e-type=\"container\">\n\t\t\t\t<div class=\"elementor-element elementor-element-e2d695a elementor-view-default elementor-position-block-start elementor-mobile-position-block-start elementor-widget elementor-widget-icon-box\" data-id=\"e2d695a\" data-element_type=\"widget\" data-e-type=\"widget\" data-widget_type=\"icon-box.default\">\n\t\t\t\t<div class=\"elementor-widget-container\">\n\t\t\t\t\t\t\t<div class=\"elementor-icon-box-wrapper\">\n\n\t\t\t\t\t\t<div class=\"elementor-icon-box-icon\">\n\t\t\t\t<span  class=\"elementor-icon\">\n\t\t\t\t<svg aria-hidden=\"true\" class=\"e-font-icon-svg e-far-eye\" viewbox=\"0 0 576 512\" xmlns=\"http:\/\/www.w3.org\/2000\/svg\"><path d=\"M288 144a110.94 110.94 0 0 0-31.24 5 55.4 55.4 0 0 1 7.24 27 56 56 0 0 1-56 56 55.4 55.4 0 0 1-27-7.24A111.71 111.71 0 1 0 288 144zm284.52 97.4C518.29 135.59 410.93 64 288 64S57.68 135.64 3.48 241.41a32.35 32.35 0 0 0 0 29.19C57.71 376.41 165.07 448 288 448s230.32-71.64 284.52-177.41a32.35 32.35 0 0 0 0-29.19zM288 400c-98.65 0-189.09-55-237.93-144C98.91 167 189.34 112 288 112s189.09 55 237.93 144C477.1 345 386.66 400 288 400z\"><\/path><\/svg>\t\t\t\t<\/span>\n\t\t\t<\/div>\n\t\t\t\n\t\t\t\t\t\t<div class=\"elementor-icon-box-content\">\n\n\t\t\t\t\t\t\t\t\t<h3 class=\"elementor-icon-box-title\">\n\t\t\t\t\t\t<span  >\n\t\t\t\t\t\t\tNuestra visi\u00f3n\t\t\t\t\t\t<\/span>\n\t\t\t\t\t<\/h3>\n\t\t\t\t\n\t\t\t\t\t\t\t\t\t<p class=\"elementor-icon-box-description\">\n\t\t\t\t\t\tSer reconocidos como l\u00edderes en el mercado de equipos de construcci\u00f3n en la regi\u00f3n sudeste de Brasil, ampliando nuestra influencia y capacidad de innovaci\u00f3n a nivel nacional, aportando soluciones m\u00e1s seguras y sostenibles a los proyectos de construcci\u00f3n de nuestros clientes, ayud\u00e1ndoles a alcanzar resultados por encima de las expectativas con rapidez, organizaci\u00f3n y seguridad en la ejecuci\u00f3n de sus proyectos.\t\t\t\t\t<\/p>\n\t\t\t\t\n\t\t\t<\/div>\n\t\t\t\n\t\t<\/div>\n\t\t\t\t\t\t<\/div>\n\t\t\t\t<\/div>\n\t\t\t\t<\/div>\n\t\t\t\t<\/div>\n\t\t<div class=\"elementor-element elementor-element-612074e e-con-full e-flex wpr-particle-no wpr-jarallax-no wpr-parallax-no wpr-sticky-section-no e-con e-child\" data-id=\"612074e\" data-element_type=\"container\" data-e-type=\"container\">\n\t\t\t\t<div class=\"elementor-element elementor-element-0af9837 elementor-view-default elementor-position-block-start elementor-mobile-position-block-start elementor-widget elementor-widget-icon-box\" data-id=\"0af9837\" data-element_type=\"widget\" data-e-type=\"widget\" data-widget_type=\"icon-box.default\">\n\t\t\t\t<div class=\"elementor-widget-container\">\n\t\t\t\t\t\t\t<div class=\"elementor-icon-box-wrapper\">\n\n\t\t\t\t\t\t<div class=\"elementor-icon-box-icon\">\n\t\t\t\t<span  class=\"elementor-icon\">\n\t\t\t\t<svg aria-hidden=\"true\" class=\"e-font-icon-svg e-fas-hand-holding-heart\" viewbox=\"0 0 576 512\" xmlns=\"http:\/\/www.w3.org\/2000\/svg\"><path d=\"M275.3 250.5c7 7.4 18.4 7.4 25.5 0l108.9-114.2c31.6-33.2 29.8-88.2-5.6-118.8-30.8-26.7-76.7-21.9-104.9 7.7L288 36.9l-11.1-11.6C248.7-4.4 202.8-9.2 172 17.5c-35.3 30.6-37.2 85.6-5.6 118.8l108.9 114.2zm290 77.6c-11.8-10.7-30.2-10-42.6 0L430.3 402c-11.3 9.1-25.4 14-40 14H272c-8.8 0-16-7.2-16-16s7.2-16 16-16h78.3c15.9 0 30.7-10.9 33.3-26.6 3.3-20-12.1-37.4-31.6-37.4H192c-27 0-53.1 9.3-74.1 26.3L71.4 384H16c-8.8 0-16 7.2-16 16v96c0 8.8 7.2 16 16 16h356.8c14.5 0 28.6-4.9 40-14L564 377c15.2-12.1 16.4-35.3 1.3-48.9z\"><\/path><\/svg>\t\t\t\t<\/span>\n\t\t\t<\/div>\n\t\t\t\n\t\t\t\t\t\t<div class=\"elementor-icon-box-content\">\n\n\t\t\t\t\t\t\t\t\t<h3 class=\"elementor-icon-box-title\">\n\t\t\t\t\t\t<span  >\n\t\t\t\t\t\t\tNuestros valores\t\t\t\t\t\t<\/span>\n\t\t\t\t\t<\/h3>\n\t\t\t\t\n\t\t\t\t\t\t\t\t\t<p class=\"elementor-icon-box-description\">\n\t\t\t\t\t\tINNOVACI\u00d3N: Buscamos constantemente avances en nuestras tecnolog\u00edas y servicios para anticiparnos a las expectativas de los clientes y superarlas.\n\nSEGURIDAD: Priorizamos la seguridad por encima de todo, garantizando que todos nuestros productos y servicios cumplen las normas m\u00e1s estrictas de calidad y seguridad operativa.\n\nINTEGRIDAD: Actuamos con honestidad y transparencia en todas nuestras transacciones, construyendo relaciones de confianza con clientes, socios y colaboradores.\n\nCOMPROMISO CON EL \u00c9XITO DE NUESTROS CLIENTES: Nos centramos en comprender y satisfacer las necesidades de nuestros clientes, ofreci\u00e9ndoles soluciones personalizadas y un apoyo integral en todas las fases del proyecto.\n\nSOSTENIBILIDAD: Nos comprometemos a reducir el impacto medioambiental de nuestras operaciones y a promover pr\u00e1cticas de construcci\u00f3n sostenible entre nuestros clientes y socios.\n\n\u00a0\n\n\n\t\t\t\t\t<\/p>\n\t\t\t\t\n\t\t\t<\/div>\n\t\t\t\n\t\t<\/div>\n\t\t\t\t\t\t<\/div>\n\t\t\t\t<\/div>\n\t\t\t\t<\/div>\n\t\t\t\t\t<\/div>\n\t\t\t\t<\/div>\n\t\t\t\t<section class=\"elementor-section elementor-top-section elementor-element elementor-element-bf90b20 elementor-section-stretched elementor-section-boxed elementor-section-height-default elementor-section-height-default wpr-particle-no wpr-jarallax-no wpr-parallax-no wpr-sticky-section-no\" data-id=\"bf90b20\" data-element_type=\"section\" data-e-type=\"section\" data-settings=\"{&quot;background_background&quot;:&quot;classic&quot;,&quot;stretch_section&quot;:&quot;section-stretched&quot;}\">\n\t\t\t\t\t\t<div class=\"elementor-container elementor-column-gap-default\">\n\t\t\t\t\t<div class=\"elementor-column elementor-col-33 elementor-top-column elementor-element elementor-element-bdc7a24 elementor-hidden-mobile\" data-id=\"bdc7a24\" data-element_type=\"column\" data-e-type=\"column\">\n\t\t\t<div class=\"elementor-widget-wrap\">\n\t\t\t\t\t\t\t<\/div>\n\t\t<\/div>\n\t\t\t\t<div class=\"elementor-column elementor-col-33 elementor-top-column elementor-element elementor-element-65983ec\" data-id=\"65983ec\" data-element_type=\"column\" data-e-type=\"column\">\n\t\t\t<div class=\"elementor-widget-wrap elementor-element-populated\">\n\t\t\t\t\t\t<div class=\"elementor-element elementor-element-8529b0b elementor-widget elementor-widget-rs-heading\" data-id=\"8529b0b\" data-element_type=\"widget\" data-e-type=\"widget\" data-widget_type=\"rs-heading.default\">\n\t\t\t\t<div class=\"elementor-widget-container\">\n\t\t\t\t\t\n        <div class=\"prelements-heading style9 animate- center\">\n\n\n\n        \t<div class=\"title-inner\">        \t\t      \t\t\n\t             <img decoding=\"async\" src=\"https:\/\/novaartequipamentos.com.br\/wp-content\/uploads\/2024\/05\/header-decoration-15x15-1.png\" alt=\"icon\"><span class=\"sub-text\">Trabaja con nosotros<\/span><h2 class=\"title\"><span class=\"watermark\"><\/span>\u00bfListo para dar el siguiente paso hacia el \u00e9xito de su trabajo?<\/h2>\t\t\t\t\n\t\t\t\t\t        <\/div>\n\t                    \t<div class=\"description\">\n            \t\t            \t\t<p>P\u00f3ngase en contacto con nosotros para solicitar un presupuesto y descubra las ventajas de ser nuestro socio<\/p>  \n            \t<\/div>\n        \t        <\/div>\n        \t\t\t\t<\/div>\n\t\t\t\t<\/div>\n\t\t\t\t<div class=\"elementor-element elementor-element-b432a4a elementor-widget elementor-widget-rs-button\" data-id=\"b432a4a\" data-element_type=\"widget\" data-e-type=\"widget\" data-widget_type=\"rs-button.default\">\n\t\t\t\t<div class=\"elementor-widget-container\">\n\t\t\t\t\t\t\t\r\n\t\t\t\t\t<div class=\"rs-btn style1\">\r\n\t\t\t\t\t\t\t\t<a class=\"rs_button\" href=\"https:\/\/novaartequipamentos.com.br\/es\/contato\/\" >\t\t\t\t\r\n\t\t\t\t\t<span class=\"btn_text\">Solicite su presupuesto ahora<\/span>\r\n\t\t\t\t\t\t\t\t\t<\/a>\r\n\t\t\t<\/div> \r\n\t\t   \r\n\t\t\t\t\t<\/div>\n\t\t\t\t<\/div>\n\t\t\t\t\t<\/div>\n\t\t<\/div>\n\t\t\t\t<div class=\"elementor-column elementor-col-33 elementor-top-column elementor-element elementor-element-1ff5ee5 elementor-hidden-mobile\" data-id=\"1ff5ee5\" data-element_type=\"column\" data-e-type=\"column\">\n\t\t\t<div class=\"elementor-widget-wrap\">\n\t\t\t\t\t\t\t<\/div>\n\t\t<\/div>\n\t\t\t\t\t<\/div>\n\t\t<\/section>\n\t\t\t\t<\/div>","protected":false},"excerpt":{"rendered":"<p>Qui\u00e9nes somos La garant\u00eda t\u00e9cnica y un servicio excelente son nuestras prioridades. Desde nuestra fundaci\u00f3n en 2007, nos dedicamos a la excelencia en la fabricaci\u00f3n y alquiler de equipos para la construcci\u00f3n, priorizando siempre la seguridad, innovaci\u00f3n y calidad en todos nuestros productos y servicios. En nuestro centro log\u00edstico\/operativo en la ciudad de Rio de Janeiro, fabricamos y realizamos el mantenimiento preventivo de todos nuestros sistemas de apuntalamiento, andamiaje y protecci\u00f3n colectiva, siempre siguiendo rigurosamente las normas NR-18, NBR-6494 y NBR-15696, adem\u00e1s de nuestros procedimientos y normas internas, garantizando el control de calidad y seguridad de cada componente de nuestros sistemas. Ya sea en nuestra sede en R\u00edo de Janeiro o en nuestra sucursal en S\u00e3o Paulo, nuestro equipo t\u00e9cnico, operativo y comercial est\u00e1 siempre listo para ayudar a su empresa, desde el correcto dimensionamiento de los equipos, pasando por el desarrollo y la formaci\u00f3n de sus empleados para su correcta gesti\u00f3n y uso en la obra, hasta su retorno efectivo a nuestros almacenes. Todo esto s\u00f3lo es posible porque nuestra prioridad es entender sus necesidades reales, que incluyen su calendario f\u00edsico y financiero, el estado de su terreno, las \u00e1reas de almacenamiento disponibles, las demandas t\u00e9cnicas espec\u00edficas y varias otras cuestiones que hacen que su trabajo sea \u00fanico, por lo que entendemos que sus necesidades tambi\u00e9n lo son. Nuestra Misi\u00f3n Proveer soluciones innovadoras y de alta calidad en equipos de construcci\u00f3n, promoviendo eficiencia y seguridad en los proyectos de nuestros clientes. Estamos comprometidos con un servicio excepcional, asegurando que cada interacci\u00f3n y suministro de equipos genere resultados positivos para nuestros clientes, creando una relaci\u00f3n de confianza y asociaci\u00f3n. Nuestra Visi\u00f3n Ser reconocidos como l\u00edderes en el mercado de equipos de construcci\u00f3n en el sureste de Brasil, ampliando nuestra influencia y capacidad de innovaci\u00f3n en todo el pa\u00eds, aportando soluciones m\u00e1s seguras y sostenibles a los proyectos de nuestros clientes, ayud\u00e1ndoles a alcanzar resultados m\u00e1s all\u00e1 de las expectativas con rapidez, organizaci\u00f3n y seguridad en la ejecuci\u00f3n de sus proyectos. Nuestros Valores INNOVACI\u00d3N: Buscamos constantemente avances en nuestras tecnolog\u00edas y servicios para anticiparnos y superar las expectativas de nuestros clientes. SEGURIDAD: Priorizamos la seguridad por encima de todo, garantizando que todos nuestros productos y servicios cumplen los m\u00e1s altos est\u00e1ndares de calidad y seguridad operativa. INTEGRIDAD: Actuamos con honestidad y transparencia en todas nuestras transacciones, construyendo relaciones de confianza con clientes, socios y colaboradores. COMPROMISO CON EL \u00c9XITO DE NUESTROS CLIENTES: Nos centramos en comprender y satisfacer las necesidades de nuestros clientes, ofreci\u00e9ndoles soluciones personalizadas y un apoyo integral en todas las fases del proyecto. SOSTENIBILIDAD: Nos comprometemos a reducir el impacto medioambiental de nuestras operaciones y a promover pr\u00e1cticas de construcci\u00f3n sostenible entre nuestros clientes y colaboradores.   Trabaje con nosotros \u00bfListo para dar el siguiente paso hacia el \u00e9xito de su construcci\u00f3n? P\u00f3ngase en contacto con nosotros para solicitar un presupuesto y descubra las ventajas de ser nuestro socio Obtenga su presupuesto ahora<\/p>","protected":false},"author":1,"featured_media":0,"parent":0,"menu_order":0,"comment_status":"closed","ping_status":"closed","template":"","meta":{"footnotes":""},"class_list":["post-3573","page","type-page","status-publish","hentry"],"_links":{"self":[{"href":"https:\/\/novaartequipamentos.com.br\/es\/wp-json\/wp\/v2\/pages\/3573","targetHints":{"allow":["GET"]}}],"collection":[{"href":"https:\/\/novaartequipamentos.com.br\/es\/wp-json\/wp\/v2\/pages"}],"about":[{"href":"https:\/\/novaartequipamentos.com.br\/es\/wp-json\/wp\/v2\/types\/page"}],"author":[{"embeddable":true,"href":"https:\/\/novaartequipamentos.com.br\/es\/wp-json\/wp\/v2\/users\/1"}],"replies":[{"embeddable":true,"href":"https:\/\/novaartequipamentos.com.br\/es\/wp-json\/wp\/v2\/comments?post=3573"}],"version-history":[{"count":79,"href":"https:\/\/novaartequipamentos.com.br\/es\/wp-json\/wp\/v2\/pages\/3573\/revisions"}],"predecessor-version":[{"id":19376,"href":"https:\/\/novaartequipamentos.com.br\/es\/wp-json\/wp\/v2\/pages\/3573\/revisions\/19376"}],"wp:attachment":[{"href":"https:\/\/novaartequipamentos.com.br\/es\/wp-json\/wp\/v2\/media?parent=3573"}],"curies":[{"name":"wp","href":"https:\/\/api.w.org\/{rel}","templated":true}]}}