{"id":18604,"date":"2022-03-23T06:44:35","date_gmt":"2022-03-23T06:44:35","guid":{"rendered":"http:\/\/localhost\/konstruk\/?page_id=3"},"modified":"2024-05-04T16:12:31","modified_gmt":"2024-05-04T16:12:31","slug":"privacy-policy","status":"publish","type":"page","link":"https:\/\/novaartequipamentos.com.br\/es\/privacy-policy\/","title":{"rendered":"Pol\u00edtica de privacidad"},"content":{"rendered":"<p>Este sitio es mantenido y operado por NOVA ART EQUIPAMENTOS E CONSTRUCOES LTDA.<\/p>\n\n\n\n<p>Recogemos y utilizamos algunos datos personales de quienes utilizan nuestro sitio. Al hacerlo, actuamos como <strong>controlador<\/strong> de estos datos y estamos sujetos a las disposiciones de la Ley Federal n\u00ba 13.709\/2018 (Ley General de Protecci\u00f3n de Datos Personales - LGPD).<\/p>\n\n\n\n<p>Nos preocupamos por la protecci\u00f3n de sus datos personales y por ello hemos puesto a su disposici\u00f3n esta pol\u00edtica de privacidad, que contiene informaci\u00f3n importante sobre:<\/p>\n\n\n\n<p>- A qui\u00e9n va dirigido&nbsp;<br>- Qu\u00e9 datos recogemos y qu\u00e9 hacemos con ellos;&nbsp;<br>- Sus derechos en relaci\u00f3n con sus datos personales; y&nbsp;<br>- C\u00f3mo ponerse en contacto con nosotros.<\/p>\n\n\n\n<p><strong><br><\/strong><strong>1. Datos recogidos y motivos<\/strong><\/p>\n\n\n\n<p><br>Nuestro sitio web recoge y utiliza algunos de los datos personales de nuestros usuarios de conformidad con lo dispuesto en esta secci\u00f3n.<\/p>\n\n\n\n<p><em>1. Datos personales facilitados expresamente por el usuario<\/em><\/p>\n\n\n\n<p><br>Recogemos los siguientes datos personales que nuestros usuarios nos facilitan expresamente al utilizar nuestro sitio web:<\/p>\n\n\n\n<p>Nombre;&nbsp;<br>Correo electr\u00f3nico;&nbsp;<br>Tel\u00e9fono;&nbsp;<br>P\u00e1gina web;&nbsp;<br>Producto deseado.<\/p>\n\n\n\n<p>Estos datos se recogen en los siguientes momentos:<\/p>\n\n\n\n<p>Cuando el usuario rellena un formulario de contacto o se registra para recibir boletines informativos del sitio.<\/p>\n\n\n\n<p>Los datos facilitados por nuestros usuarios se recogen con los siguientes fines:<\/p>\n\n\n\n<p>Para que el usuario pueda cotizar nuestros servicios o recibir un contacto de nuestro equipo de ventas.<\/p>\n\n\n\n<p><em>2. Datos sensibles<\/em><\/p>\n\n\n\n<p><strong>No<\/strong> se recopilar\u00e1n datos sensibles de nuestros usuarios, tal y como se definen en los art\u00edculos 11 y siguientes de la Ley de Protecci\u00f3n de Datos Personales. As\u00ed, <strong>no<\/strong> se recoger\u00e1n datos sobre el origen racial o \u00e9tnico, las convicciones religiosas, las opiniones pol\u00edticas, la pertenencia a un sindicato o a una organizaci\u00f3n religiosa, filos\u00f3fica o pol\u00edtica, datos relativos a la salud o a la vida sexual, datos gen\u00e9ticos o biom\u00e9tricos, cuando est\u00e9n vinculados a una persona f\u00edsica.<\/p>\n\n\n\n<p><em>3. Cookies<\/em><\/p>\n\n\n\n<p><em>Cookies<\/em> son peque\u00f1os archivos de texto que se descargan autom\u00e1ticamente en su dispositivo cuando accede a un sitio web y navega por \u00e9l. Se utilizan b\u00e1sicamente para identificar los dispositivos, las actividades y las preferencias de los usuarios.<\/p>\n\n\n\n<p>En <em>galletas<\/em> no permiten extraer ning\u00fan archivo o informaci\u00f3n del disco duro del usuario, ni es posible acceder a informaci\u00f3n personal que no proceda del usuario o de su forma de utilizar los recursos del sitio.<\/p>\n\n\n\n<p><em>a. Cookies de terceros<\/em><\/p>\n\n\n\n<p><br>Algunos de nuestros socios pueden establecer <em>galletas<\/em> en los dispositivos de los usuarios que acceden a nuestro sitio web.<\/p>\n\n\n\n<p>Estos <em>galletas<\/em>La finalidad de esta informaci\u00f3n, en general, es permitir a nuestros socios ofrecer sus contenidos y servicios al usuario que accede a nuestro sitio de forma personalizada, mediante la obtenci\u00f3n de datos de navegaci\u00f3n extra\u00eddos de su interacci\u00f3n con el sitio.<\/p>\n\n\n\n<p>Los usuarios pueden obtener m\u00e1s informaci\u00f3n sobre el <em>galletas<\/em> tercero y c\u00f3mo se tratan los datos obtenidos de \u00e9l, as\u00ed como tener acceso a la descripci\u00f3n de los datos. <em>galletas<\/em> utilizados y sus caracter\u00edsticas, accediendo a <em>enlace<\/em>:<\/p>\n\n\n\n<p><a href=\"https:\/\/developers.google.com\/analytics\/devguides\/collection\/gajs\/cookie-usage\">https:\/\/developers.google.com\/analytics\/devguides\/collection\/gajs\/cookie-usage<\/a><\/p>\n\n\n\n<p>Los organismos encargados de la recogida <em>galletas<\/em> podr\u00e1 transmitir a terceros la informaci\u00f3n obtenida.<\/p>\n\n\n\n<p><em>b. Gesti\u00f3n de cookies<\/em><\/p>\n\n\n\n<p>El usuario puede oponerse al registro de <em>galletas<\/em> a trav\u00e9s del sitio, s\u00f3lo tiene que desactivar esta opci\u00f3n en su propio navegador. Encontrar\u00e1 m\u00e1s informaci\u00f3n sobre c\u00f3mo hacerlo en algunos de los principales navegadores utilizados hoy en d\u00eda en los siguientes enlaces <em>enlaces<\/em>:<\/p>\n\n\n\n<p>Internet Explorer:&nbsp;<br>https:\/\/support.microsoft.com\/pt-br\/help\/17442\/windows-internet-explorer-delete-manage-cookies<\/p>\n\n\n\n<p>Safari:&nbsp;<br>https:\/\/support.apple.com\/pt-br\/guide\/safari\/sfri11471\/mac<\/p>\n\n\n\n<p>Google Chrome:&nbsp;<br>https:\/\/support.google.com\/chrome\/answer\/95647?hl=pt-BR&amp;hlrm=pt<\/p>\n\n\n\n<p>Mozilla Firefox:&nbsp;<br>https:\/\/support.mozilla.org\/pt-BR\/kb\/ative-e-desative-os-cookies-que-os-sites-usam<\/p>\n\n\n\n<p>\u00d3pera:&nbsp;<br>https:\/\/www.opera.com\/help\/tutorials\/security\/privacy\/<\/p>\n\n\n\n<p>La desactivaci\u00f3n de <em>galletas<\/em>Sin embargo, esto puede afectar a la disponibilidad de algunas de las herramientas y funcionalidades del sitio, poniendo en peligro su correcto y esperado funcionamiento. Otra posible consecuencia es la eliminaci\u00f3n de las preferencias del usuario que puedan haberse guardado, poniendo en peligro la experiencia del usuario.<\/p>\n\n\n\n<p><em>4. Recogida de datos no previstos expresamente<\/em><\/p>\n\n\n\n<p>Ocasionalmente, se podr\u00e1n recoger otros tipos de datos no previstos expresamente en esta Pol\u00edtica de Privacidad, siempre que se faciliten con el consentimiento del usuario, o que la recogida est\u00e9 permitida en base a otro fundamento jur\u00eddico previsto por la ley.<\/p>\n\n\n\n<p>En cualquier caso, se informar\u00e1 a los usuarios del sitio web de la recogida de datos y de las actividades de tratamiento resultantes.<\/p>\n\n\n\n<p><strong><br><\/strong><strong>2. Compartir datos personales con terceros<\/strong><\/p>\n\n\n\n<p>No compartimos sus datos personales con terceros. Sin embargo, podemos hacerlo para cumplir una obligaci\u00f3n legal o reglamentaria, o para cumplir una orden emitida por una autoridad p\u00fablica.<\/p>\n\n\n\n<p><strong><br><\/strong><strong>3.<\/strong> <strong>Cu\u00e1nto tiempo se almacenar\u00e1n sus datos personales<\/strong><\/p>\n\n\n\n<p>Los datos personales recogidos por el sitio web se almacenan y utilizan durante un periodo de tiempo que corresponde al necesario para alcanzar los fines enumerados en este documento y que tiene en cuenta los derechos de sus titulares, los derechos del responsable del sitio web y las disposiciones legales o reglamentarias aplicables.<\/p>\n\n\n\n<p>Una vez transcurridos los plazos de conservaci\u00f3n de los datos personales, \u00e9stos se eliminan de nuestras bases de datos o se anonimizan, salvo en los casos en que su conservaci\u00f3n sea posible o necesaria debido a disposiciones legales o reglamentarias.<\/p>\n\n\n\n<p><strong><br><\/strong><strong>4. Bases jur\u00eddicas para el tratamiento de datos personales<\/strong><\/p>\n\n\n\n<p><br>Toda operaci\u00f3n de tratamiento de datos personales debe tener una base jur\u00eddica, que no es m\u00e1s que una justificaci\u00f3n que la autoriza, tal y como establece la Ley General de Protecci\u00f3n de Datos Personales.<\/p>\n\n\n\n<p>Todas nuestras actividades de tratamiento de datos personales tienen una base jur\u00eddica, entre las permitidas por la ley. Puede obtener m\u00e1s informaci\u00f3n sobre las bases jur\u00eddicas que utilizamos para operaciones espec\u00edficas de tratamiento de datos personales en nuestros canales de contacto, que figuran al final de esta Pol\u00edtica.<\/p>\n\n\n\n<p><strong><br><\/strong><strong>5. Derechos de los usuarios<\/strong><\/p>\n\n\n\n<p>Los usuarios del sitio web tienen los siguientes derechos en virtud de la Ley de Protecci\u00f3n de Datos Personales:<\/p>\n\n\n\n<p>- confirmaci\u00f3n de la existencia de tratamiento;&nbsp;<br>- acceso a los datos;&nbsp;<br>- correcci\u00f3n de datos incompletos, inexactos u obsoletos;&nbsp;<br>- anonimizaci\u00f3n, bloqueo o supresi\u00f3n de datos innecesarios, excesivos o tratados infringiendo la ley;&nbsp;<br>- portabilidad de los datos a otro proveedor de servicios o productos, previa solicitud expresa, de conformidad con la normativa de la autoridad nacional, respetando los secretos comerciales e industriales;&nbsp;<br>- supresi\u00f3n de los datos personales tratados con el consentimiento del interesado, salvo en los casos previstos por la ley;&nbsp;<br>- informaci\u00f3n de organismos p\u00fablicos y privados con los que el responsable del tratamiento haya compartido datos;&nbsp;<br>- informaci\u00f3n sobre la posibilidad de no dar el consentimiento y las consecuencias de negarse;&nbsp;<br>- revocaci\u00f3n del consentimiento.<\/p>\n\n\n\n<p>Es importante subrayar que, en virtud de la LGPD, no existe derecho a suprimir los datos tratados por motivos legales distintos del consentimiento, a menos que los datos sean innecesarios, excesivos o tratados infringiendo la ley.<\/p>\n\n\n\n<p><em>1. C\u00f3mo puede ejercer sus derechos el propietario<\/em><\/p>\n\n\n\n<p>Con el fin de garantizar que el usuario que desea ejercer sus derechos es efectivamente el titular de los datos personales objeto de la solicitud, podremos solicitarle documentos u otra informaci\u00f3n que pueda ayudar a su correcta identificaci\u00f3n, con el fin de salvaguardar nuestros derechos y los derechos de terceros. Sin embargo, esto s\u00f3lo se har\u00e1 si es absolutamente necesario, y el solicitante recibir\u00e1 toda la informaci\u00f3n relacionada.<\/p>\n\n\n\n<p><strong><br><\/strong><strong>6.<\/strong> <strong>Medidas de seguridad en el tratamiento de datos personales<\/strong><\/p>\n\n\n\n<p><br>Empleamos medidas t\u00e9cnicas y organizativas para proteger los datos personales contra el acceso no autorizado, la destrucci\u00f3n, la p\u00e9rdida o la alteraci\u00f3n.<\/p>\n\n\n\n<p>Las medidas que utilizamos tienen en cuenta la naturaleza de los datos, el contexto y la finalidad del tratamiento, los riesgos que una posible violaci\u00f3n generar\u00eda para los derechos y libertades del usuario, y las normas empleadas actualmente en el mercado por empresas similares a la nuestra.<\/p>\n\n\n\n<p>Entre las medidas de seguridad que hemos adoptado, destacamos las siguientes:<\/p>\n\n\n\n<p>- Los datos de nuestros usuarios se almacenan en un entorno seguro;&nbsp;<br>- Limitamos el acceso a los datos de nuestros usuarios para que terceros no autorizados no puedan acceder a ellos;&nbsp;<br>- Utilizamos un certificado SSL (<em>Capa de sockets seguros<\/em>), para que la transmisi\u00f3n de datos entre los dispositivos de los usuarios y nuestros servidores est\u00e9 cifrada;&nbsp;<br>- Llevamos un registro de todas las personas que, de alguna manera, han entrado en contacto con nuestros datos.<\/p>\n\n\n\n<p>Aunque haga todo lo que est\u00e9 en su mano para evitar incidentes de seguridad, es posible que se produzca un problema motivado exclusivamente por un tercero -como en el caso de ataques de <em>piratas inform\u00e1ticos<\/em> o <em>galletas<\/em> o en caso de culpa exclusiva del usuario, que se produce, por ejemplo, cuando \u00e9l mismo transfiere sus datos a un tercero. Por lo tanto, aunque en general somos responsables de los datos personales que tratamos, declinamos toda responsabilidad en caso de que se produzcan situaciones excepcionales como \u00e9stas, sobre las que no tenemos ning\u00fan tipo de control.<\/p>\n\n\n\n<p>En cualquier caso, si se produjera alg\u00fan tipo de incidente de seguridad que pudiera generar un riesgo o da\u00f1o significativo a alguno de nuestros usuarios, notificaremos el incidente a los afectados y a la Autoridad Nacional de Protecci\u00f3n de Datos, de acuerdo con lo establecido en la Ley General de Protecci\u00f3n de Datos.<\/p>\n\n\n\n<p><strong><br><\/strong><strong>7.<\/strong> <strong>Denuncia ante una autoridad de control<\/strong><\/p>\n\n\n\n<p>Sin perjuicio de cualquier otro recurso administrativo o judicial, los interesados que se sientan de alg\u00fan modo perjudicados podr\u00e1n presentar una reclamaci\u00f3n ante la Autoridad Nacional de Protecci\u00f3n de Datos.<\/p>\n\n\n\n<p><strong><br><\/strong><strong><br><\/strong><strong>8. Cambios en esta pol\u00edtica<\/strong><\/p>\n\n\n\n<p><br>Esta versi\u00f3n de la Pol\u00edtica de Privacidad se actualiz\u00f3 por \u00faltima vez el: 18\/04\/2024.<\/p>\n\n\n\n<p>Nos reservamos el derecho a modificar estas normas en cualquier momento, en particular para adaptarlas a cualquier cambio que se produzca en nuestro sitio web, ya sea poniendo a disposici\u00f3n nuevas funciones o suprimiendo o modificando las existentes.<\/p>\n\n\n\n<p>Siempre que se produzca un cambio, se notificar\u00e1 a nuestros usuarios.<\/p>\n\n\n\n<p><strong><br><\/strong><strong>9.<\/strong> <strong>C\u00f3mo ponerse en contacto con nosotros<\/strong><\/p>\n\n\n\n<p>Si tiene alguna pregunta sobre esta Pol\u00edtica de Privacidad o sobre los datos personales que tratamos, p\u00f3ngase en contacto con nuestro Responsable de Protecci\u00f3n de Datos Personales a trav\u00e9s de uno de los canales mencionados a continuaci\u00f3n:<\/p>\n\n\n\n<p><em>Correo electr\u00f3nico<\/em>:<br>novaart@novaartequipamentos.com.br<\/p>\n\n\n\n<p>N\u00fameros de tel\u00e9fono:<br>+55 21 3155-8319<br>+55 11 98146-0700<\/p>\n\n\n\n<p>Direcci\u00f3n postal:<br>Estrada da Matriz, 2222 - Pedra de Guaratiba, Rio de Janeiro - RJ - CEP: 23020-715<\/p>\n\n\n\n<p>Av. Monteiro, 241 - Cidade Industrial Sat\u00e9lite de S\u00e3o Paulo, Guarulhos - SP - C\u00f3digo Postal: 07224-000<\/p>","protected":false},"excerpt":{"rendered":"<p>Este sitio es mantenido y operado por NOVA ART EQUIPAMENTOS E CONSTRUCOES LTDA. Recogemos y utilizamos ciertos datos personales pertenecientes a aquellos que utilizan nuestro sitio web. Al hacerlo, actuamos como responsables del tratamiento de estos datos y estamos sujetos a las disposiciones de la Ley Federal n\u00ba 13.709\/2018 (Ley General de Protecci\u00f3n de Datos Personales - LGPD). Nos preocupamos por la protecci\u00f3n de sus datos personales y, por lo tanto, hemos puesto a su disposici\u00f3n esta pol\u00edtica de privacidad, que contiene informaci\u00f3n importante sobre: - Qui\u00e9n debe utilizar nuestro sitio web - Qu\u00e9 datos recopilamos y qu\u00e9 hacemos con ellos; - Sus derechos en relaci\u00f3n con sus datos personales; y - C\u00f3mo ponerse en contacto con nosotros. 1. datos que recopilamos y motivos de la recopilaci\u00f3n Nuestro sitio web recopila y utiliza determinados datos personales de nuestros usuarios, de conformidad con lo dispuesto en esta secci\u00f3n. 1. datos personales facilitados expresamente por el usuario Recogemos los siguientes datos personales que nuestros usuarios nos facilitan expresamente al utilizar nuestro sitio web: Nombre; Correo electr\u00f3nico; Tel\u00e9fono; Sitio web; Producto deseado. Estos datos se recogen en los siguientes momentos: Cuando el usuario rellena un formulario de contacto o se registra para recibir boletines informativos del sitio. Los datos proporcionados por nuestros usuarios se recogen con los siguientes fines: Para que el usuario pueda cotizar nuestros servicios o recibir un contacto de nuestro equipo de ventas. 2. Datos sensibles No se recoger\u00e1n datos sensibles de nuestros usuarios, tal y como se definen en los art\u00edculos 11 y siguientes de la Ley de Protecci\u00f3n de Datos Personales. As\u00ed, no se recopilar\u00e1n datos sobre el origen racial o \u00e9tnico, las convicciones religiosas, las opiniones pol\u00edticas, la pertenencia a un sindicato o a una organizaci\u00f3n religiosa, filos\u00f3fica o pol\u00edtica, datos relativos a la salud o a la vida sexual, datos gen\u00e9ticos o biom\u00e9tricos, cuando est\u00e9n vinculados a una persona f\u00edsica. 3 Cookies Las cookies son peque\u00f1os archivos de texto que se descargan autom\u00e1ticamente en su dispositivo cuando accede a un sitio web y navega por \u00e9l. Se utilizan b\u00e1sicamente para identificar los dispositivos, actividades y preferencias de los usuarios. Las cookies no permiten extraer ning\u00fan archivo o informaci\u00f3n del disco duro del usuario, ni acceder a informaci\u00f3n personal que no proceda del usuario o de la forma en que utiliza los recursos del sitio. a. Cookies de terceros Algunos de nuestros socios pueden instalar cookies en los dispositivos de los usuarios que acceden a nuestro sitio web. Por lo general, estas cookies tienen por objeto permitir a nuestros socios ofrecer sus contenidos y servicios al usuario que accede a nuestro sitio de forma personalizada, mediante la obtenci\u00f3n de datos de navegaci\u00f3n extra\u00eddos de su interacci\u00f3n con el sitio. El usuario puede obtener m\u00e1s informaci\u00f3n sobre las cookies de terceros y c\u00f3mo se tratan los datos que se obtienen de ellos, as\u00ed como acceder a una descripci\u00f3n de las cookies utilizadas y sus caracter\u00edsticas, accediendo al siguiente enlace: https:\/\/developers.google.com\/analytics\/devguides\/collection\/gajs\/cookie-usage Las entidades responsables de la recogida de las cookies podr\u00e1n ceder a terceros la informaci\u00f3n obtenida. b. Gesti\u00f3n de cookies El usuario puede oponerse al registro de cookies por parte del sitio web simplemente desactivando esta opci\u00f3n en su propio navegador. Puede acceder a m\u00e1s informaci\u00f3n sobre c\u00f3mo hacerlo en algunos de los principales navegadores utilizados en la actualidad en los siguientes enlaces: Internet Explorer: https:\/\/support.microsoft.com\/pt-br\/help\/17442\/windows-internet-explorer-delete-manage-cookies Safari: https:\/\/support.apple.com\/pt-br\/guide\/safari\/sfri11471\/mac Google Chrome: https:\/\/support.google.com\/chrome\/answer\/95647?hl=pt-BR&amp;hlrm=pt Mozilla Firefox: https:\/\/support.mozilla.org\/pt-BR\/kb\/ative-e-desative-os-cookies-que-os-sites-usam Opera: https:\/\/www.opera.com\/help\/tutorials\/security\/privacy\/ La desactivaci\u00f3n de las cookies, sin embargo, puede afectar a la disponibilidad de algunas de las herramientas y funcionalidades del sitio, poniendo en riesgo su correcto y esperado funcionamiento. Otra posible consecuencia es la eliminaci\u00f3n de las preferencias del usuario que puedan haberse guardado, poniendo en peligro la experiencia del usuario. 4) Recogida de datos no previstos expresamente Ocasionalmente, se podr\u00e1n recoger otros tipos de datos no previstos expresamente en esta Pol\u00edtica de Privacidad, siempre que se faciliten con el consentimiento del usuario, o que la recogida est\u00e9 permitida sobre la base de otro fundamento jur\u00eddico previsto por la ley. En cualquier caso, la recogida de datos y las actividades de tratamiento derivadas de la misma ser\u00e1n informadas a los usuarios del sitio. 2. Compartir datos personales con terceros No compartimos sus datos personales con terceros. Sin embargo, podemos hacerlo para cumplir una obligaci\u00f3n legal o reglamentaria, o para cumplir una orden emitida por una autoridad p\u00fablica. 3) Cu\u00e1nto tiempo se almacenar\u00e1n sus datos personales Los datos personales recogidos por el sitio web se almacenan y utilizan durante un periodo de tiempo que corresponde a lo necesario para alcanzar los fines enumerados en este documento y que tiene en cuenta los derechos de sus titulares, los derechos del responsable del sitio web y las disposiciones legales o reglamentarias aplicables. Una vez transcurridos los plazos de conservaci\u00f3n de los datos personales, \u00e9stos son eliminados de nuestras bases de datos o anonimizados, salvo en los casos en que exista la posibilidad o necesidad de conservaci\u00f3n en virtud de una disposici\u00f3n legal o reglamentaria. 4. bases jur\u00eddicas para el tratamiento de datos personales Cada operaci\u00f3n de tratamiento de datos personales debe tener una base jur\u00eddica, es decir, una base legal, que no es m\u00e1s que una justificaci\u00f3n que la autoriza, prevista en la Ley General de Protecci\u00f3n de Datos Personales. Todas nuestras actividades de tratamiento de datos personales tienen una base jur\u00eddica, entre las permitidas por la ley. Puede obtener m\u00e1s informaci\u00f3n sobre las bases jur\u00eddicas que utilizamos para operaciones espec\u00edficas de tratamiento de datos personales en nuestros canales de contacto, que figuran al final de esta Pol\u00edtica. 5. Derechos de los usuarios Los usuarios del sitio web tienen los siguientes derechos en virtud de la Ley de Protecci\u00f3n de Datos Personales - confirmaci\u00f3n de la existencia de tratamiento; - acceso a los datos; - rectificaci\u00f3n de datos incompletos, inexactos o no actualizados; - anonimizaci\u00f3n, bloqueo o supresi\u00f3n de datos innecesarios, excesivos o tratados infringiendo lo dispuesto en la ley; - portabilidad de los datos a otro proveedor de servicios o productos, previa solicitud expresa, de conformidad con la normativa de la autoridad nacional, observando los secretos comercial e industrial; - supresi\u00f3n de los datos personales tratados con el consentimiento del interesado, salvo en los casos previstos por la ley; - informaci\u00f3n sobre los organismos p\u00fablicos y privados con los que el responsable del tratamiento haya compartido datos; - informaci\u00f3n sobre la posibilidad de no dar el consentimiento y las consecuencias de negarse a hacerlo; - revocaci\u00f3n del consentimiento. Es importante<\/p>","protected":false},"author":1,"featured_media":0,"parent":0,"menu_order":0,"comment_status":"closed","ping_status":"open","template":"","meta":{"footnotes":""},"class_list":["post-18604","page","type-page","status-publish","hentry"],"_links":{"self":[{"href":"https:\/\/novaartequipamentos.com.br\/es\/wp-json\/wp\/v2\/pages\/18604","targetHints":{"allow":["GET"]}}],"collection":[{"href":"https:\/\/novaartequipamentos.com.br\/es\/wp-json\/wp\/v2\/pages"}],"about":[{"href":"https:\/\/novaartequipamentos.com.br\/es\/wp-json\/wp\/v2\/types\/page"}],"author":[{"embeddable":true,"href":"https:\/\/novaartequipamentos.com.br\/es\/wp-json\/wp\/v2\/users\/1"}],"replies":[{"embeddable":true,"href":"https:\/\/novaartequipamentos.com.br\/es\/wp-json\/wp\/v2\/comments?post=18604"}],"version-history":[{"count":1,"href":"https:\/\/novaartequipamentos.com.br\/es\/wp-json\/wp\/v2\/pages\/18604\/revisions"}],"predecessor-version":[{"id":18664,"href":"https:\/\/novaartequipamentos.com.br\/es\/wp-json\/wp\/v2\/pages\/18604\/revisions\/18664"}],"wp:attachment":[{"href":"https:\/\/novaartequipamentos.com.br\/es\/wp-json\/wp\/v2\/media?parent=18604"}],"curies":[{"name":"wp","href":"https:\/\/api.w.org\/{rel}","templated":true}]}}